{"id":114472,"date":"2020-01-18T17:55:38","date_gmt":"2020-01-18T16:55:38","guid":{"rendered":"https:\/\/marseille.love-spots.com\/our-best-of\/our-best-furniture-stores-in-marseille"},"modified":"2021-05-05T11:37:03","modified_gmt":"2021-05-05T10:37:03","slug":"our-best-furniture-stores-in-marseille","status":"publish","type":"page","link":"https:\/\/marseille.love-spots.com\/en\/our-best-of\/our-best-furniture-stores-in-marseille","title":{"rendered":"Our Best Furniture Stores in Marseille"},"content":{"rendered":"<div class=\"wpb-content-wrapper\"><p>[vc_row][vc_column][vc_single_image image=&#8221;60087&#8243; img_size=&#8221;1300&#215;975&#8243;][vc_custom_heading text=&#8221;Here you&#8217;ll find the cream of the furniture stores in Marseille&#8221; font_container=&#8221;tag:h2|font_size:1.5em|text_align:left&#8221; use_theme_fonts=&#8221;yes&#8221;][vc_custom_heading text=&#8221;Our This selection will allow you to get up to speed on our best furniture stores in Marseille. Une s\u00e9lection forc\u00e9ment subjective qui tient compte de la qualit\u00e9 de l&#8217;offre, de l&#8217;esth\u00e9tique du lieu et bien s\u00fbr de l&#8217;accueil. &#8221; font_container=&#8221;tag:h3|font_size:1.3em|text_align:left&#8221; use_theme_fonts=&#8221;yes&#8221;][vc_masonry_grid post_type=&#8221;custom&#8221; show_filter=&#8221;yes&#8221; item=&#8221;masonryGrid_ScaleWithRotation&#8221; arrows_design=&#8221;none&#8221; arrows_position=&#8221;inside&#8221; arrows_color=&#8221;blue&#8221; paging_design=&#8221;radio_dots&#8221; paging_color=&#8221;grey&#8221; loop=&#8221;&#8221; autoplay=&#8221;-1&#8243; grid_id=&#8221;vc_gid:1579366497054-9f4f6dcc-8f7e-6&#8243; custom_query=&#8221;Post_type=pst&amp;tag=best-of+boutiques+mobilier&#8221; filter_source=&#8221;category&#8221;][vc_row_inner disable_element=&#8221;yes&#8221;][vc_column_inner width=&#8221;1\/3&#8243;][vc_single_image image=&#8221;107010&#8243; img_size=&#8221;200X172.5&#8243; add_caption=&#8221;yes&#8221; alignment=&#8221;center&#8221; onclick=&#8221;custom_link&#8221; link=&#8221;#&#8221;][\/vc_column_inner][vc_column_inner width=&#8221;1\/3&#8243;][vc_single_image image=&#8221;106709&#8243; img_size=&#8221;200X172.5&#8243; add_caption=&#8221;yes&#8221; alignment=&#8221;center&#8221; onclick=&#8221;custom_link&#8221; link=&#8221;#&#8221;][\/vc_column_inner][vc_column_inner width=&#8221;1\/3&#8243;][vc_single_image image=&#8221;106422&#8243; img_size=&#8221;200X172.5&#8243; add_caption=&#8221;yes&#8221; alignment=&#8221;center&#8221; onclick=&#8221;custom_link&#8221; link=&#8221;#&#8221;][\/vc_column_inner][\/vc_row_inner][vc_row_inner disable_element=&#8221;yes&#8221;][vc_column_inner width=&#8221;1\/3&#8243;][vc_single_image image=&#8221;107010&#8243; img_size=&#8221;200X172.5&#8243; add_caption=&#8221;yes&#8221; alignment=&#8221;center&#8221; style=&#8221;vc_box_rounded&#8221; onclick=&#8221;custom_link&#8221; link=&#8221;#&#8221;][\/vc_column_inner][vc_column_inner width=&#8221;1\/3&#8243;][vc_single_image image=&#8221;106709&#8243; img_size=&#8221;200X172.5&#8243; add_caption=&#8221;yes&#8221; alignment=&#8221;center&#8221; style=&#8221;vc_box_rounded&#8221; onclick=&#8221;custom_link&#8221; link=&#8221;#&#8221;][\/vc_column_inner][vc_column_inner width=&#8221;1\/3&#8243;][vc_single_image image=&#8221;106422&#8243; img_size=&#8221;200X172.5&#8243; add_caption=&#8221;yes&#8221; alignment=&#8221;center&#8221; onclick=&#8221;custom_link&#8221; link=&#8221;#&#8221;][\/vc_column_inner][\/vc_row_inner][\/vc_column][\/vc_row][vc_row][vc_column][\/vc_column][\/vc_row][vc_row][vc_column][\/vc_column][\/vc_row]<\/p>\n<\/div>","protected":false},"excerpt":{"rendered":"<p>[vc_row][vc_column][vc_single_image image=&#8221;60087&#8243; img_size=&#8221;1300&#215;975&#8243;][vc_custom_heading text=&#8221;Here you&#8217;ll find the cream of the furniture stores in Marseille&#8221; font_container=&#8221;tag:h2|font_size:1.5em|text_align:left&#8221; use_theme_fonts=&#8221;yes&#8221;][vc_custom_heading text=&#8221;Our This selection will allow you to get up to speed on our best furniture stores in Marseille. Une s\u00e9lection forc\u00e9ment subjective qui tient compte de la qualit\u00e9 de l&#8217;offre, de l&#8217;esth\u00e9tique du lieu et bien s\u00fbr de l&#8217;accueil. &#8221; font_container=&#8221;tag:h3|font_size:1.3em|text_align:left&#8221; use_theme_fonts=&#8221;yes&#8221;][vc_masonry_grid post_type=&#8221;custom&#8221; show_filter=&#8221;yes&#8221; item=&#8221;masonryGrid_ScaleWithRotation&#8221; arrows_design=&#8221;none&#8221; arrows_position=&#8221;inside&#8221; arrows_color=&#8221;blue&#8221; paging_design=&#8221;radio_dots&#8221; paging_color=&#8221;grey&#8221; loop=&#8221;&#8221; autoplay=&#8221;-1&#8243; grid_id=&#8221;vc_gid:1579366497054-9f4f6dcc-8f7e-6&#8243; custom_query=&#8221;Post_type=pst&amp;tag=best-of+boutiques+mobilier&#8221; filter_source=&#8221;category&#8221;][vc_row_inner disable_element=&#8221;yes&#8221;][vc_column_inner width=&#8221;1\/3&#8243;][vc_single_image image=&#8221;107010&#8243; img_size=&#8221;200X172.5&#8243; add_caption=&#8221;yes&#8221; alignment=&#8221;center&#8221; onclick=&#8221;custom_link&#8221; link=&#8221;#&#8221;][\/vc_column_inner][vc_column_inner width=&#8221;1\/3&#8243;][vc_single_image image=&#8221;106709&#8243; img_size=&#8221;200X172.5&#8243; add_caption=&#8221;yes&#8221; alignment=&#8221;center&#8221; onclick=&#8221;custom_link&#8221; link=&#8221;#&#8221;][\/vc_column_inner][vc_column_inner width=&#8221;1\/3&#8243;][vc_single_image image=&#8221;106422&#8243; img_size=&#8221;200X172.5&#8243; add_caption=&#8221;yes&#8221; alignment=&#8221;center&#8221; onclick=&#8221;custom_link&#8221; link=&#8221;#&#8221;][\/vc_column_inner][\/vc_row_inner][vc_row_inner disable_element=&#8221;yes&#8221;][vc_column_inner width=&#8221;1\/3&#8243;][vc_single_image image=&#8221;107010&#8243; img_size=&#8221;200X172.5&#8243; add_caption=&#8221;yes&#8221; alignment=&#8221;center&#8221; style=&#8221;vc_box_rounded&#8221; onclick=&#8221;custom_link&#8221; link=&#8221;#&#8221;][\/vc_column_inner][vc_column_inner width=&#8221;1\/3&#8243;][vc_single_image image=&#8221;106709&#8243; img_size=&#8221;200X172.5&#8243; add_caption=&#8221;yes&#8221; alignment=&#8221;center&#8221; style=&#8221;vc_box_rounded&#8221; onclick=&#8221;custom_link&#8221; link=&#8221;#&#8221;][\/vc_column_inner][vc_column_inner width=&#8221;1\/3&#8243;][vc_single_image image=&#8221;106422&#8243; img_size=&#8221;200X172.5&#8243; add_caption=&#8221;yes&#8221; alignment=&#8221;center&#8221; onclick=&#8221;custom_link&#8221; link=&#8221;#&#8221;][\/vc_column_inner][\/vc_row_inner][\/vc_column][\/vc_row][vc_row][vc_column][\/vc_column][\/vc_row][vc_row][vc_column][\/vc_column][\/vc_row]<\/p>\n","protected":false},"author":6,"featured_media":0,"parent":96933,"menu_order":0,"comment_status":"closed","ping_status":"closed","template":"","meta":{"_acf_changed":false,"footnotes":""},"yst_prominent_words":[],"acf":[],"_links":{"self":[{"href":"https:\/\/marseille.love-spots.com\/en\/wp-json\/wp\/v2\/pages\/114472"}],"collection":[{"href":"https:\/\/marseille.love-spots.com\/en\/wp-json\/wp\/v2\/pages"}],"about":[{"href":"https:\/\/marseille.love-spots.com\/en\/wp-json\/wp\/v2\/types\/page"}],"author":[{"embeddable":true,"href":"https:\/\/marseille.love-spots.com\/en\/wp-json\/wp\/v2\/users\/6"}],"replies":[{"embeddable":true,"href":"https:\/\/marseille.love-spots.com\/en\/wp-json\/wp\/v2\/comments?post=114472"}],"version-history":[{"count":7,"href":"https:\/\/marseille.love-spots.com\/en\/wp-json\/wp\/v2\/pages\/114472\/revisions"}],"predecessor-version":[{"id":114501,"href":"https:\/\/marseille.love-spots.com\/en\/wp-json\/wp\/v2\/pages\/114472\/revisions\/114501"}],"up":[{"embeddable":true,"href":"https:\/\/marseille.love-spots.com\/en\/wp-json\/wp\/v2\/pages\/96933"}],"wp:attachment":[{"href":"https:\/\/marseille.love-spots.com\/en\/wp-json\/wp\/v2\/media?parent=114472"}],"wp:term":[{"taxonomy":"yst_prominent_words","embeddable":true,"href":"https:\/\/marseille.love-spots.com\/en\/wp-json\/wp\/v2\/yst_prominent_words?post=114472"}],"curies":[{"name":"wp","href":"https:\/\/api.w.org\/{rel}","templated":true}]}}