{"id":113984,"date":"2020-01-27T14:44:29","date_gmt":"2020-01-27T13:44:29","guid":{"rendered":"https:\/\/marseille.love-spots.com\/our-best-of\/nos-meilleures-tables-dauteurs-a-marseille"},"modified":"2021-04-23T16:50:35","modified_gmt":"2021-04-23T15:50:35","slug":"nos-meilleures-tables-dauteurs-a-marseille","status":"publish","type":"page","link":"https:\/\/marseille.love-spots.com\/en\/our-best-of\/nos-meilleures-tables-dauteurs-a-marseille","title":{"rendered":"Nos Meilleures Tables d&#8217;Auteurs \u00e0 Marseille"},"content":{"rendered":"<div class=\"wpb-content-wrapper\"><p>[vc_row][vc_column][vc_custom_heading text=&#8221;Retrouvez ici la &#8220;Cr\u00e8me de la Cr\u00e8me&#8220; de nos tables d&#8217;auteurs \u00e0 Marseille. &#8221; font_container=&#8221;tag:h2|font_size:1.5em|text_align:left&#8221; use_theme_fonts=&#8221;yes&#8221;][vc_single_image image=&#8221;82887&#8243; img_size=&#8221;1300&#215;975&#8243;][vc_custom_heading text=&#8221;Cette s\u00e9lection vous permettra d&#8217;aller \u00e0 l&#8217;essentiel et conna\u00eetre nos Tables d&#8217;Auteurs \u00e0 Marseille, des restaurants gastronomique aux tarifs abordables. Une s\u00e9lection forc\u00e9ment subjective qui tient compte de la qualit\u00e9 de l&#8217;offre, de l&#8217;esth\u00e9tique du lieu et bien s\u00fbr de l&#8217;accueil. &#8221; font_container=&#8221;tag:h3|font_size:1.3em|text_align:left&#8221; use_theme_fonts=&#8221;yes&#8221;][vc_row_inner disable_element=&#8221;yes&#8221;][vc_column_inner width=&#8221;1\/3&#8243;][vc_single_image image=&#8221;107009&#8243; img_size=&#8221;200X172.5&#8243; add_caption=&#8221;yes&#8221; alignment=&#8221;center&#8221; onclick=&#8221;custom_link&#8221; link=&#8221;#&#8221;][\/vc_column_inner][vc_column_inner width=&#8221;1\/3&#8243;][vc_single_image image=&#8221;106708&#8243; img_size=&#8221;200X172.5&#8243; add_caption=&#8221;yes&#8221; alignment=&#8221;center&#8221; onclick=&#8221;custom_link&#8221; link=&#8221;#&#8221;][\/vc_column_inner][vc_column_inner width=&#8221;1\/3&#8243;][vc_single_image image=&#8221;106421&#8243; img_size=&#8221;200X172.5&#8243; add_caption=&#8221;yes&#8221; alignment=&#8221;center&#8221; onclick=&#8221;custom_link&#8221; link=&#8221;#&#8221;][\/vc_column_inner][\/vc_row_inner][vc_row_inner disable_element=&#8221;yes&#8221;][vc_column_inner width=&#8221;1\/3&#8243;][vc_single_image image=&#8221;107009&#8243; img_size=&#8221;200X172.5&#8243; add_caption=&#8221;yes&#8221; alignment=&#8221;center&#8221; style=&#8221;vc_box_rounded&#8221; onclick=&#8221;custom_link&#8221; link=&#8221;#&#8221;][\/vc_column_inner][vc_column_inner width=&#8221;1\/3&#8243;][vc_single_image image=&#8221;106708&#8243; img_size=&#8221;200X172.5&#8243; add_caption=&#8221;yes&#8221; alignment=&#8221;center&#8221; style=&#8221;vc_box_rounded&#8221; onclick=&#8221;custom_link&#8221; link=&#8221;#&#8221;][\/vc_column_inner][vc_column_inner width=&#8221;1\/3&#8243;][vc_single_image image=&#8221;106421&#8243; img_size=&#8221;200X172.5&#8243; add_caption=&#8221;yes&#8221; alignment=&#8221;center&#8221; onclick=&#8221;custom_link&#8221; link=&#8221;#&#8221;][\/vc_column_inner][\/vc_row_inner][vc_masonry_grid post_type=&#8221;custom&#8221; item=&#8221;masonryGrid_ScaleWithRotation&#8221; arrows_design=&#8221;none&#8221; arrows_position=&#8221;inside&#8221; arrows_color=&#8221;blue&#8221; paging_design=&#8221;radio_dots&#8221; paging_color=&#8221;grey&#8221; loop=&#8221;&#8221; autoplay=&#8221;-1&#8243; grid_id=&#8221;vc_gid:1580128429941-50132557-3496-10&#8243; custom_query=&#8221;Post_type=pst&amp;tag=best-of+restaurant+semi-gastronomique&amp;posts_per_page=-1&#8243;][\/vc_column][\/vc_row][vc_row][vc_column][\/vc_column][\/vc_row][vc_row][vc_column][\/vc_column][\/vc_row]<\/p>\n<\/div>","protected":false},"excerpt":{"rendered":"<p>[vc_row][vc_column][vc_custom_heading text=&#8221;Retrouvez ici la &#8220;Cr\u00e8me de la Cr\u00e8me&#8220; de nos tables d&#8217;auteurs \u00e0 Marseille. &#8221; font_container=&#8221;tag:h2|font_size:1.5em|text_align:left&#8221; use_theme_fonts=&#8221;yes&#8221;][vc_single_image image=&#8221;82887&#8243; img_size=&#8221;1300&#215;975&#8243;][vc_custom_heading text=&#8221;Cette s\u00e9lection vous permettra d&#8217;aller \u00e0 l&#8217;essentiel et conna\u00eetre nos Tables d&#8217;Auteurs \u00e0 Marseille, des restaurants gastronomique aux tarifs abordables. Une s\u00e9lection forc\u00e9ment subjective qui tient compte de la qualit\u00e9 de l&#8217;offre, de l&#8217;esth\u00e9tique du lieu et bien s\u00fbr de l&#8217;accueil. &#8221; font_container=&#8221;tag:h3|font_size:1.3em|text_align:left&#8221; use_theme_fonts=&#8221;yes&#8221;][vc_row_inner disable_element=&#8221;yes&#8221;][vc_column_inner width=&#8221;1\/3&#8243;][vc_single_image image=&#8221;107009&#8243; img_size=&#8221;200X172.5&#8243; add_caption=&#8221;yes&#8221; alignment=&#8221;center&#8221; onclick=&#8221;custom_link&#8221; link=&#8221;#&#8221;][\/vc_column_inner][vc_column_inner width=&#8221;1\/3&#8243;][vc_single_image image=&#8221;106708&#8243; img_size=&#8221;200X172.5&#8243; add_caption=&#8221;yes&#8221; alignment=&#8221;center&#8221; onclick=&#8221;custom_link&#8221; link=&#8221;#&#8221;][\/vc_column_inner][vc_column_inner width=&#8221;1\/3&#8243;][vc_single_image image=&#8221;106421&#8243; img_size=&#8221;200X172.5&#8243; add_caption=&#8221;yes&#8221; alignment=&#8221;center&#8221; onclick=&#8221;custom_link&#8221; link=&#8221;#&#8221;][\/vc_column_inner][\/vc_row_inner][vc_row_inner disable_element=&#8221;yes&#8221;][vc_column_inner width=&#8221;1\/3&#8243;][vc_single_image image=&#8221;107009&#8243; img_size=&#8221;200X172.5&#8243; add_caption=&#8221;yes&#8221; alignment=&#8221;center&#8221; style=&#8221;vc_box_rounded&#8221; onclick=&#8221;custom_link&#8221; link=&#8221;#&#8221;][\/vc_column_inner][vc_column_inner width=&#8221;1\/3&#8243;][vc_single_image image=&#8221;106708&#8243; img_size=&#8221;200X172.5&#8243; add_caption=&#8221;yes&#8221; alignment=&#8221;center&#8221; style=&#8221;vc_box_rounded&#8221; onclick=&#8221;custom_link&#8221; link=&#8221;#&#8221;][\/vc_column_inner][vc_column_inner width=&#8221;1\/3&#8243;][vc_single_image image=&#8221;106421&#8243; img_size=&#8221;200X172.5&#8243; add_caption=&#8221;yes&#8221; alignment=&#8221;center&#8221; onclick=&#8221;custom_link&#8221; link=&#8221;#&#8221;][\/vc_column_inner][\/vc_row_inner][vc_masonry_grid post_type=&#8221;custom&#8221; item=&#8221;masonryGrid_ScaleWithRotation&#8221; arrows_design=&#8221;none&#8221; arrows_position=&#8221;inside&#8221; arrows_color=&#8221;blue&#8221; paging_design=&#8221;radio_dots&#8221; paging_color=&#8221;grey&#8221; loop=&#8221;&#8221; autoplay=&#8221;-1&#8243; grid_id=&#8221;vc_gid:1580128429941-50132557-3496-10&#8243; custom_query=&#8221;Post_type=pst&amp;tag=best-of+restaurant+semi-gastronomique&amp;posts_per_page=-1&#8243;][\/vc_column][\/vc_row][vc_row][vc_column][\/vc_column][\/vc_row][vc_row][vc_column][\/vc_column][\/vc_row]<\/p>\n","protected":false},"author":6,"featured_media":0,"parent":96933,"menu_order":0,"comment_status":"closed","ping_status":"closed","template":"","meta":{"_acf_changed":false,"footnotes":""},"yst_prominent_words":[],"acf":[],"_links":{"self":[{"href":"https:\/\/marseille.love-spots.com\/en\/wp-json\/wp\/v2\/pages\/113984"}],"collection":[{"href":"https:\/\/marseille.love-spots.com\/en\/wp-json\/wp\/v2\/pages"}],"about":[{"href":"https:\/\/marseille.love-spots.com\/en\/wp-json\/wp\/v2\/types\/page"}],"author":[{"embeddable":true,"href":"https:\/\/marseille.love-spots.com\/en\/wp-json\/wp\/v2\/users\/6"}],"replies":[{"embeddable":true,"href":"https:\/\/marseille.love-spots.com\/en\/wp-json\/wp\/v2\/comments?post=113984"}],"version-history":[{"count":1,"href":"https:\/\/marseille.love-spots.com\/en\/wp-json\/wp\/v2\/pages\/113984\/revisions"}],"predecessor-version":[{"id":113985,"href":"https:\/\/marseille.love-spots.com\/en\/wp-json\/wp\/v2\/pages\/113984\/revisions\/113985"}],"up":[{"embeddable":true,"href":"https:\/\/marseille.love-spots.com\/en\/wp-json\/wp\/v2\/pages\/96933"}],"wp:attachment":[{"href":"https:\/\/marseille.love-spots.com\/en\/wp-json\/wp\/v2\/media?parent=113984"}],"wp:term":[{"taxonomy":"yst_prominent_words","embeddable":true,"href":"https:\/\/marseille.love-spots.com\/en\/wp-json\/wp\/v2\/yst_prominent_words?post=113984"}],"curies":[{"name":"wp","href":"https:\/\/api.w.org\/{rel}","templated":true}]}}