{"id":113971,"date":"2020-01-13T17:50:39","date_gmt":"2020-01-13T16:50:39","guid":{"rendered":"https:\/\/marseille.love-spots.com\/our-best-of\/our-best-restaurants-in-marseille"},"modified":"2021-04-23T11:35:31","modified_gmt":"2021-04-23T10:35:31","slug":"our-best-restaurants-in-marseille","status":"publish","type":"page","link":"https:\/\/marseille.love-spots.com\/en\/our-best-of\/our-best-restaurants-in-marseille","title":{"rendered":"Our Best Restaurants in Marseille"},"content":{"rendered":"<div class=\"wpb-content-wrapper\"><p>[vc_row][vc_column][vc_custom_heading text=&#8221;Retrouvez ici la &#8220;Cr\u00e8me de la Cr\u00e8me&#8220; de nos Restaurants \u00e0 Marseille&#8221; font_container=&#8221;tag:h2|font_size:1.3em|text_align:left|color:%23dd3333&#8243; google_fonts=&#8221;font_family:Muli%3A300%2C300italic%2Cregular%2Citalic|font_style:400%20regular%3A400%3Anormal&#8221;][vc_single_image image=&#8221;107790&#8243; img_size=&#8221;1300&#215;975&#8243;][vc_custom_heading text=&#8221;Ceci est un best-of th\u00e9matique qui vous permettra d&#8217;aller \u00e0 l&#8217;essentiel et conna\u00eetre nos Meilleurs Restaurants \u00e0 Marseille. Des s\u00e9lections forc\u00e9ment subjectives qui tiennent en compte la qualit\u00e9 de l&#8217;offre, l&#8217;esth\u00e9tique et bien s\u00fbr l&#8217;accueil. &#8221; font_container=&#8221;tag:h3|font_size:1.0em|text_align:left&#8221; use_theme_fonts=&#8221;yes&#8221;][vc_custom_heading text=&#8221;D\u00e9couvrez nos Meilleurs Restaurants de Poissons, de Volaille, Italiens, Asiatiques, Orientaux, V\u00e9g\u00e9tarien, Pas Cher avec terrasse, pour le brunch, de bord de Mer, avec enfants, Nos Meilleurs Snacks, Nos Meilleurs Bistrots, etc&#8221; font_container=&#8221;tag:h2|font_size:0.8em|text_align:left&#8221; use_theme_fonts=&#8221;yes&#8221;][vc_row_inner][vc_column_inner width=&#8221;1\/3&#8243;][vc_single_image image=&#8221;82887&#8243; img_size=&#8221;200X172.5&#8243; add_caption=&#8221;yes&#8221; alignment=&#8221;center&#8221; onclick=&#8221;custom_link&#8221; link=&#8221;https:\/\/marseille.love-spots.com\/nos-best-of\/nos-meilleures-tables-dauteurs-a-marseille&#8221; title=&#8221;Nos Meilleures Tables d&#8217;Auteurs&#8221;][\/vc_column_inner][vc_column_inner width=&#8221;1\/3&#8243;][vc_single_image image=&#8221;107761&#8243; img_size=&#8221;200X172.5&#8243; alignment=&#8221;center&#8221; onclick=&#8221;custom_link&#8221; link=&#8221;https:\/\/marseille.love-spots.com\/nos-best-of\/nos-meilleurs-restaurants-pas-chers-a-marseille&#8221; title=&#8221;Nos Meilleurs Restaurants Pas chers&#8221;][\/vc_column_inner][vc_column_inner width=&#8221;1\/3&#8243;][vc_single_image image=&#8221;92094&#8243; img_size=&#8221;200X172.5&#8243; add_caption=&#8221;yes&#8221; alignment=&#8221;center&#8221; onclick=&#8221;custom_link&#8221; link=&#8221;https:\/\/marseille.love-spots.com\/nos-best-of\/nos-meilleures-brasseries-a-marseille&#8221; title=&#8221;Nos Meilleures Brasseries \u00e0 Marseille&#8221;][\/vc_column_inner][\/vc_row_inner][vc_row_inner][vc_column_inner width=&#8221;1\/3&#8243;][vc_single_image image=&#8221;105838&#8243; img_size=&#8221;200X172.5&#8243; add_caption=&#8221;yes&#8221; alignment=&#8221;center&#8221; onclick=&#8221;custom_link&#8221; link=&#8221;https:\/\/marseille.love-spots.com\/nos-best-of\/nos-meilleurs-restaurants-italiens-a-marseille&#8221; title=&#8221;Nos Meilleurs Restaurants Italiens&#8221;][\/vc_column_inner][vc_column_inner width=&#8221;1\/3&#8243;][vc_single_image image=&#8221;106681&#8243; img_size=&#8221;200X172.5&#8243; add_caption=&#8221;yes&#8221; alignment=&#8221;center&#8221; onclick=&#8221;custom_link&#8221; link=&#8221;https:\/\/marseille.love-spots.com\/nos-best-of\/nos-meilleures-pizzerias-a-marseille&#8221; title=&#8221;Nos Meilleurs Restaurants de Pizzas&#8221;][\/vc_column_inner][vc_column_inner width=&#8221;1\/3&#8243;][vc_single_image image=&#8221;107009&#8243; img_size=&#8221;200X172.5&#8243; add_caption=&#8221;yes&#8221; alignment=&#8221;center&#8221; onclick=&#8221;custom_link&#8221; link=&#8221;https:\/\/marseille.love-spots.com\/nos-best-of\/nos-meilleurs-restaurants-de-poissons-a-marseille&#8221; title=&#8221;Nos Meilleurs Restaurant de Poissons&#8221;][\/vc_column_inner][\/vc_row_inner][vc_row_inner][vc_column_inner width=&#8221;1\/3&#8243;][vc_single_image image=&#8221;105362&#8243; img_size=&#8221;200X172.5&#8243; add_caption=&#8221;yes&#8221; alignment=&#8221;center&#8221; onclick=&#8221;custom_link&#8221; link=&#8221;https:\/\/marseille.love-spots.com\/nos-best-of\/nos-meilleurs-bistrots-a-marseille&#8221; title=&#8221;Nos Meilleurs Bistrots&#8221;][\/vc_column_inner][vc_column_inner width=&#8221;1\/3&#8243;][vc_single_image image=&#8221;104980&#8243; img_size=&#8221;200X172.5&#8243; alignment=&#8221;center&#8221; onclick=&#8221;custom_link&#8221; link=&#8221;https:\/\/marseille.love-spots.com\/nos-best-of\/nos-meilleures-rotisseries-a-marseille&#8221; title=&#8221;Nos Meilleures R\u00f4tisseries&#8221;][\/vc_column_inner][vc_column_inner width=&#8221;1\/3&#8243;][vc_single_image image=&#8221;107005&#8243; img_size=&#8221;200X172.5&#8243; add_caption=&#8221;yes&#8221; alignment=&#8221;center&#8221; onclick=&#8221;custom_link&#8221; link=&#8221;https:\/\/marseille.love-spots.com\/nos-best-of\/nos-meilleurs-restaurants-vegetariens-a-marseille&#8221; title=&#8221;Nos Meilleurs V\u00e9g\u00e9tariens&#8221;][\/vc_column_inner][\/vc_row_inner][vc_row_inner][vc_column_inner width=&#8221;1\/3&#8243;][vc_single_image image=&#8221;106095&#8243; img_size=&#8221;200X172.5&#8243; alignment=&#8221;center&#8221; onclick=&#8221;custom_link&#8221; link=&#8221;https:\/\/marseille.love-spots.com\/nos-best-of\/nos-meilleurs-restaurants-asiatiques-a-marseille&#8221; title=&#8221;Nos Meilleurs Restaurants Asiatiques&#8221;][\/vc_column_inner][vc_column_inner width=&#8221;1\/3&#8243;][vc_single_image image=&#8221;110185&#8243; img_size=&#8221;200X172.5&#8243; alignment=&#8221;center&#8221; onclick=&#8221;custom_link&#8221; link=&#8221;https:\/\/marseille.love-spots.com\/nos-best-of\/nos-meilleurs-restaurants-de-bord-de-mer-a-marseille&#8221; title=&#8221;Nos Meilleurs Restaurants de Bord de Mer&#8221;][\/vc_column_inner][vc_column_inner width=&#8221;1\/3&#8243;][vc_single_image image=&#8221;102622&#8243; img_size=&#8221;200X172.5&#8243; alignment=&#8221;center&#8221; onclick=&#8221;custom_link&#8221; link=&#8221;https:\/\/marseille.love-spots.com\/nos-best-of\/nos-meilleurs-restaurants-orientaux-a-marseille&#8221; title=&#8221;Nos Meilleurs Restaurants Orientaux&#8221;][\/vc_column_inner][\/vc_row_inner][vc_custom_heading text=&#8221;D\u00e9couvrez ci-dessous la s\u00e9lection des nos meilleures adresses de restaurants \u00e0 Marseille&#8221; font_container=&#8221;tag:h2|font_size:1.5em|text_align:left&#8221; use_theme_fonts=&#8221;yes&#8221;][vc_masonry_grid post_type=&#8221;custom&#8221; item=&#8221;masonryGrid_ScaleWithRotation&#8221; arrows_design=&#8221;none&#8221; arrows_position=&#8221;inside&#8221; arrows_color=&#8221;blue&#8221; paging_design=&#8221;radio_dots&#8221; paging_color=&#8221;grey&#8221; loop=&#8221;&#8221; autoplay=&#8221;-1&#8243; grid_id=&#8221;vc_gid:1609669532696-6b3ccb04-761d-3&#8243; custom_query=&#8221;post_type=post&amp;tag=best-of+restaurant&amp;posts_per_page=-1&#8243;][\/vc_column][\/vc_row][vc_row][vc_column][\/vc_column][\/vc_row][vc_row][vc_column][\/vc_column][\/vc_row]<\/p>\n<\/div>","protected":false},"excerpt":{"rendered":"<p>[vc_row][vc_column][vc_custom_heading text=&#8221;Retrouvez ici la &#8220;Cr\u00e8me de la Cr\u00e8me&#8220; de nos Restaurants \u00e0 Marseille&#8221; font_container=&#8221;tag:h2|font_size:1.3em|text_align:left|color:%23dd3333&#8243; google_fonts=&#8221;font_family:Muli%3A300%2C300italic%2Cregular%2Citalic|font_style:400%20regular%3A400%3Anormal&#8221;][vc_single_image image=&#8221;107790&#8243; img_size=&#8221;1300&#215;975&#8243;][vc_custom_heading text=&#8221;Ceci est un best-of th\u00e9matique qui vous permettra d&#8217;aller \u00e0 l&#8217;essentiel et conna\u00eetre nos Meilleurs Restaurants \u00e0 Marseille. Des s\u00e9lections forc\u00e9ment subjectives qui tiennent en compte la qualit\u00e9 de l&#8217;offre, l&#8217;esth\u00e9tique et bien s\u00fbr l&#8217;accueil. &#8221; font_container=&#8221;tag:h3|font_size:1.0em|text_align:left&#8221; use_theme_fonts=&#8221;yes&#8221;][vc_custom_heading text=&#8221;D\u00e9couvrez nos Meilleurs Restaurants de Poissons, de Volaille, Italiens, Asiatiques, Orientaux, V\u00e9g\u00e9tarien, Pas Cher avec terrasse, pour le brunch, de bord de Mer, avec enfants, Nos Meilleurs Snacks, Nos Meilleurs Bistrots, etc&#8221; font_container=&#8221;tag:h2|font_size:0.8em|text_align:left&#8221; use_theme_fonts=&#8221;yes&#8221;][vc_row_inner][vc_column_inner width=&#8221;1\/3&#8243;][vc_single_image image=&#8221;82887&#8243; img_size=&#8221;200X172.5&#8243; add_caption=&#8221;yes&#8221; alignment=&#8221;center&#8221; onclick=&#8221;custom_link&#8221; link=&#8221;https:\/\/marseille.love-spots.com\/nos-best-of\/nos-meilleures-tables-dauteurs-a-marseille&#8221; title=&#8221;Nos Meilleures Tables d&#8217;Auteurs&#8221;][\/vc_column_inner][vc_column_inner width=&#8221;1\/3&#8243;][vc_single_image image=&#8221;107761&#8243; img_size=&#8221;200X172.5&#8243; alignment=&#8221;center&#8221; onclick=&#8221;custom_link&#8221; link=&#8221;https:\/\/marseille.love-spots.com\/nos-best-of\/nos-meilleurs-restaurants-pas-chers-a-marseille&#8221; title=&#8221;Nos Meilleurs Restaurants Pas chers&#8221;][\/vc_column_inner][vc_column_inner width=&#8221;1\/3&#8243;][vc_single_image image=&#8221;92094&#8243; img_size=&#8221;200X172.5&#8243; add_caption=&#8221;yes&#8221; alignment=&#8221;center&#8221; onclick=&#8221;custom_link&#8221; link=&#8221;https:\/\/marseille.love-spots.com\/nos-best-of\/nos-meilleures-brasseries-a-marseille&#8221; title=&#8221;Nos Meilleures Brasseries \u00e0 Marseille&#8221;][\/vc_column_inner][\/vc_row_inner][vc_row_inner][vc_column_inner width=&#8221;1\/3&#8243;][vc_single_image image=&#8221;105838&#8243; img_size=&#8221;200X172.5&#8243; add_caption=&#8221;yes&#8221; alignment=&#8221;center&#8221; onclick=&#8221;custom_link&#8221; link=&#8221;https:\/\/marseille.love-spots.com\/nos-best-of\/nos-meilleurs-restaurants-italiens-a-marseille&#8221; title=&#8221;Nos Meilleurs Restaurants Italiens&#8221;][\/vc_column_inner][vc_column_inner width=&#8221;1\/3&#8243;][vc_single_image image=&#8221;106681&#8243; img_size=&#8221;200X172.5&#8243; add_caption=&#8221;yes&#8221; alignment=&#8221;center&#8221; onclick=&#8221;custom_link&#8221; link=&#8221;https:\/\/marseille.love-spots.com\/nos-best-of\/nos-meilleures-pizzerias-a-marseille&#8221; title=&#8221;Nos Meilleurs Restaurants de Pizzas&#8221;][\/vc_column_inner][vc_column_inner width=&#8221;1\/3&#8243;][vc_single_image image=&#8221;107009&#8243; img_size=&#8221;200X172.5&#8243; add_caption=&#8221;yes&#8221; alignment=&#8221;center&#8221; onclick=&#8221;custom_link&#8221; link=&#8221;https:\/\/marseille.love-spots.com\/nos-best-of\/nos-meilleurs-restaurants-de-poissons-a-marseille&#8221; title=&#8221;Nos Meilleurs Restaurant de Poissons&#8221;][\/vc_column_inner][\/vc_row_inner][vc_row_inner][vc_column_inner width=&#8221;1\/3&#8243;][vc_single_image image=&#8221;105362&#8243; img_size=&#8221;200X172.5&#8243; add_caption=&#8221;yes&#8221; alignment=&#8221;center&#8221; onclick=&#8221;custom_link&#8221; link=&#8221;https:\/\/marseille.love-spots.com\/nos-best-of\/nos-meilleurs-bistrots-a-marseille&#8221; title=&#8221;Nos Meilleurs Bistrots&#8221;][\/vc_column_inner][vc_column_inner width=&#8221;1\/3&#8243;][vc_single_image image=&#8221;104980&#8243; img_size=&#8221;200X172.5&#8243; alignment=&#8221;center&#8221; onclick=&#8221;custom_link&#8221; link=&#8221;https:\/\/marseille.love-spots.com\/nos-best-of\/nos-meilleures-rotisseries-a-marseille&#8221; title=&#8221;Nos Meilleures R\u00f4tisseries&#8221;][\/vc_column_inner][vc_column_inner width=&#8221;1\/3&#8243;][vc_single_image image=&#8221;107005&#8243; img_size=&#8221;200X172.5&#8243; add_caption=&#8221;yes&#8221; alignment=&#8221;center&#8221; onclick=&#8221;custom_link&#8221; link=&#8221;https:\/\/marseille.love-spots.com\/nos-best-of\/nos-meilleurs-restaurants-vegetariens-a-marseille&#8221; title=&#8221;Nos Meilleurs V\u00e9g\u00e9tariens&#8221;][\/vc_column_inner][\/vc_row_inner][vc_row_inner][vc_column_inner width=&#8221;1\/3&#8243;][vc_single_image image=&#8221;106095&#8243; img_size=&#8221;200X172.5&#8243; alignment=&#8221;center&#8221; onclick=&#8221;custom_link&#8221; link=&#8221;https:\/\/marseille.love-spots.com\/nos-best-of\/nos-meilleurs-restaurants-asiatiques-a-marseille&#8221; title=&#8221;Nos Meilleurs Restaurants Asiatiques&#8221;][\/vc_column_inner][vc_column_inner width=&#8221;1\/3&#8243;][vc_single_image image=&#8221;110185&#8243; img_size=&#8221;200X172.5&#8243; [&hellip;]<\/p>\n","protected":false},"author":6,"featured_media":0,"parent":96933,"menu_order":0,"comment_status":"closed","ping_status":"closed","template":"","meta":{"_acf_changed":false,"footnotes":""},"yst_prominent_words":[],"acf":[],"_links":{"self":[{"href":"https:\/\/marseille.love-spots.com\/en\/wp-json\/wp\/v2\/pages\/113971"}],"collection":[{"href":"https:\/\/marseille.love-spots.com\/en\/wp-json\/wp\/v2\/pages"}],"about":[{"href":"https:\/\/marseille.love-spots.com\/en\/wp-json\/wp\/v2\/types\/page"}],"author":[{"embeddable":true,"href":"https:\/\/marseille.love-spots.com\/en\/wp-json\/wp\/v2\/users\/6"}],"replies":[{"embeddable":true,"href":"https:\/\/marseille.love-spots.com\/en\/wp-json\/wp\/v2\/comments?post=113971"}],"version-history":[{"count":7,"href":"https:\/\/marseille.love-spots.com\/en\/wp-json\/wp\/v2\/pages\/113971\/revisions"}],"predecessor-version":[{"id":113982,"href":"https:\/\/marseille.love-spots.com\/en\/wp-json\/wp\/v2\/pages\/113971\/revisions\/113982"}],"up":[{"embeddable":true,"href":"https:\/\/marseille.love-spots.com\/en\/wp-json\/wp\/v2\/pages\/96933"}],"wp:attachment":[{"href":"https:\/\/marseille.love-spots.com\/en\/wp-json\/wp\/v2\/media?parent=113971"}],"wp:term":[{"taxonomy":"yst_prominent_words","embeddable":true,"href":"https:\/\/marseille.love-spots.com\/en\/wp-json\/wp\/v2\/yst_prominent_words?post=113971"}],"curies":[{"name":"wp","href":"https:\/\/api.w.org\/{rel}","templated":true}]}}